{"id":11,"date":"2023-10-02T20:38:11","date_gmt":"2023-10-02T18:38:11","guid":{"rendered":"https:\/\/fknl.fr\/elearning\/lp-term-conditions\/"},"modified":"2023-10-17T19:43:11","modified_gmt":"2023-10-17T17:43:11","slug":"cgu","status":"publish","type":"page","link":"https:\/\/fknl.fr\/elearning\/cgu\/","title":{"rendered":"Conditions G\u00e9n\u00e9rales d&rsquo;Utilisation (CGU)"},"content":{"rendered":"<!-- wp:themify-builder\/canvas \/-->\n\n\n<h4 class=\"wp-block-heading\">Article 1 : Objet<\/h4>\n\n\n\n<p>Les pr\u00e9sentes Conditions G\u00e9n\u00e9rales d&rsquo;Utilisation (ci-apr\u00e8s d\u00e9nomm\u00e9es \u00ab CGU \u00bb) ont pour objet de d\u00e9finir les termes et conditions sous lesquels les utilisateurs (ci-apr\u00e8s d\u00e9nomm\u00e9s \u00ab l\u2019Utilisateur \u00bb) peuvent acc\u00e9der et utiliser le site web [Nom du Site] (ci-apr\u00e8s d\u00e9nomm\u00e9 \u00ab le Site \u00bb), d\u00e9di\u00e9 \u00e0 la fourniture de formations e-learning professionnelles pour les kin\u00e9sith\u00e9rapeutes et ost\u00e9opathes.<\/p>\n\n\n\n<h4 class=\"wp-block-heading\">Article 2 : Acceptation des CGU<\/h4>\n\n\n\n<p>L&rsquo;utilisation du Site est subordonn\u00e9e \u00e0 l&rsquo;acceptation int\u00e9grale et au respect des CGU par l\u2019Utilisateur. L\u2019Utilisateur est invit\u00e9 \u00e0 lire attentivement les CGU et \u00e0 les accepter avant de proc\u00e9der \u00e0 toute inscription ou achat sur le Site.<\/p>\n\n\n\n<h4 class=\"wp-block-heading\">Article 3 : Acc\u00e8s au Site et aux Formations<\/h4>\n\n\n\n<p>Le Site propose une vari\u00e9t\u00e9 de formations e-learning, disponibles apr\u00e8s cr\u00e9ation d\u2019un compte utilisateur et achat. L\u2019acc\u00e8s aux formations est r\u00e9serv\u00e9 aux professionnels de la kin\u00e9sith\u00e9rapie et de l\u2019ost\u00e9opathie, \u00e0 jour de leur inscription aux ordres et associations professionnels comp\u00e9tents.<\/p>\n\n\n\n<h4 class=\"wp-block-heading\">Article 4 : Propri\u00e9t\u00e9 Intellectuelle<\/h4>\n\n\n\n<p>Tous les contenus pr\u00e9sents sur le Site, y compris mais sans s&rsquo;y limiter, les cours, les textes, les images, les vid\u00e9os et les documents, sont prot\u00e9g\u00e9s par le droit de la propri\u00e9t\u00e9 intellectuelle et sont la propri\u00e9t\u00e9 exclusive de [Nom de la Soci\u00e9t\u00e9]. Toute reproduction, utilisation ou diffusion de ces contenus sans l\u2019autorisation \u00e9crite de [Nom de la Soci\u00e9t\u00e9] est strictement interdite.<\/p>\n\n\n\n<h4 class=\"wp-block-heading\">Article 5 : Responsabilit\u00e9<\/h4>\n\n\n\n<p>[Nom de la Soci\u00e9t\u00e9] s&rsquo;efforce d&rsquo;assurer l&rsquo;exactitude et la mise \u00e0 jour des informations diffus\u00e9es sur le Site. Toutefois, [Nom de la Soci\u00e9t\u00e9] ne peut garantir l&rsquo;exactitude, la pr\u00e9cision ou l&rsquo;exhaustivit\u00e9 des informations disponibles sur le Site.<\/p>\n\n\n\n<p>L\u2019Utilisateur est responsable de son choix de formation et de son utilisation dans le respect des pr\u00e9sentes CGU. [Nom de la Soci\u00e9t\u00e9] ne peut \u00eatre tenue responsable en cas de non-satisfaction ou de pr\u00e9judices directs ou indirects, mat\u00e9riels ou immat\u00e9riels r\u00e9sultant de l\u2019utilisation du Site.<\/p>\n\n\n\n<h4 class=\"wp-block-heading\">Article 6 : Donn\u00e9es Personnelles<\/h4>\n\n\n\n<p>[Nom de la Soci\u00e9t\u00e9] respecte la vie priv\u00e9e des Utilisateurs et se conforme aux lois en vigueur concernant la protection des donn\u00e9es personnelles. Pour plus d\u2019informations sur l\u2019utilisation et la protection de vos donn\u00e9es, veuillez consulter notre Politique de Confidentialit\u00e9.<\/p>\n\n\n\n<h4 class=\"wp-block-heading\">Article 7 : Modification des CGU<\/h4>\n\n\n\n<p>[Nom de la Soci\u00e9t\u00e9] se r\u00e9serve le droit de modifier les pr\u00e9sentes CGU \u00e0 tout moment. Les modifications entreront en vigueur d\u00e8s leur publication sur le Site. L\u2019utilisation du Site suite \u00e0 ces modifications vaut acceptation des nouvelles CGU.<\/p>\n\n\n\n<h4 class=\"wp-block-heading\">Article 8 : Loi Applicable et Juridiction<\/h4>\n\n\n\n<p>Les pr\u00e9sentes CGU sont soumises au droit [Indiquer le Pays]. Tout litige relatif \u00e0 leur interpr\u00e9tation et\/ou \u00e0 leur ex\u00e9cution rel\u00e8ve des tribunaux [Indiquer la Juridiction].<\/p>\n\n\n\n<p>Pour toute question relative aux pr\u00e9sentes CGU, veuillez nous contacter \u00e0 l\u2019adresse : [Adresse email de contact].<\/p>\n\n\n\n<p>Date de derni\u00e8re mise \u00e0 jour : [Date].<\/p>\n","protected":false},"excerpt":{"rendered":"<p>Article 1 : Objet Les pr\u00e9sentes Conditions G\u00e9n\u00e9rales d&rsquo;Utilisation (ci-apr\u00e8s d\u00e9nomm\u00e9es \u00ab CGU \u00bb) ont pour objet de d\u00e9finir les [&hellip;]<\/p>\n","protected":false},"author":1,"featured_media":0,"parent":0,"menu_order":0,"comment_status":"closed","ping_status":"closed","template":"","meta":{"_bbp_topic_count":0,"_bbp_reply_count":0,"_bbp_total_topic_count":0,"_bbp_total_reply_count":0,"_bbp_voice_count":0,"_bbp_anonymous_reply_count":0,"_bbp_topic_count_hidden":0,"_bbp_reply_count_hidden":0,"_bbp_forum_subforum_count":0,"footnotes":""},"class_list":["post-11","page","type-page","status-publish","hentry","has-post-title","has-post-date","has-post-category","has-post-tag","has-post-comment","has-post-author",""],"builder_content":"","_links":{"self":[{"href":"https:\/\/fknl.fr\/elearning\/wp-json\/wp\/v2\/pages\/11","targetHints":{"allow":["GET"]}}],"collection":[{"href":"https:\/\/fknl.fr\/elearning\/wp-json\/wp\/v2\/pages"}],"about":[{"href":"https:\/\/fknl.fr\/elearning\/wp-json\/wp\/v2\/types\/page"}],"author":[{"embeddable":true,"href":"https:\/\/fknl.fr\/elearning\/wp-json\/wp\/v2\/users\/1"}],"replies":[{"embeddable":true,"href":"https:\/\/fknl.fr\/elearning\/wp-json\/wp\/v2\/comments?post=11"}],"version-history":[{"count":0,"href":"https:\/\/fknl.fr\/elearning\/wp-json\/wp\/v2\/pages\/11\/revisions"}],"wp:attachment":[{"href":"https:\/\/fknl.fr\/elearning\/wp-json\/wp\/v2\/media?parent=11"}],"curies":[{"name":"wp","href":"https:\/\/api.w.org\/{rel}","templated":true}]}}