{"id":192,"date":"2018-08-08T11:29:35","date_gmt":"2018-08-08T09:29:35","guid":{"rendered":"https:\/\/fknl.fr\/elearning\/blog\/"},"modified":"2023-10-18T18:40:18","modified_gmt":"2023-10-18T16:40:18","slug":"blog","status":"publish","type":"page","link":"https:\/\/fknl.fr\/elearning\/blog\/","title":{"rendered":"Blog"},"content":{"rendered":"<!--themify_builder_content-->\n<div id=\"themify_builder_content-192\" data-postid=\"192\" class=\"themify_builder_content themify_builder_content-192 themify_builder tf_clear\">\n                    <div  data-lazy=\"1\" class=\"module_row themify_builder_row tb_gm9m662 tb_first tf_w\">\n                        <div class=\"row_inner col_align_top tb_col_count_1 tf_box tf_rel\">\n                        <div  data-lazy=\"1\" class=\"module_column tb-column col-full tb_xw23662 first\">\n                    <!-- module fancy heading -->\n<div  class=\"module module-fancy-heading tb_nul0120 \" data-lazy=\"1\">\n        <h1 class=\"fancy-heading\">\n    <span class=\"main-head tf_block\">\n                    Restez inform\u00e9s            <\/span>\n\n    \n    <span class=\"sub-head tf_block tf_rel\">\n                    Actualit\u00e9s FKNL eLearning            <\/span>\n    <\/h1>\n<\/div>\n<!-- \/module fancy heading -->\n        <\/div>\n                        <\/div>\n        <\/div>\n                        <div  data-lazy=\"1\" class=\"module_row themify_builder_row tb_gqbm550 tf_w\">\n                        <div class=\"row_inner col_align_top tb_col_count_1 tf_box tf_rel\">\n                        <div  data-lazy=\"1\" class=\"module_column tb-column col-full tb_znro551 first\">\n                    <!-- module post -->\n<div  class=\"module module-post tb_yorm50 \">\n    <div  class=\"builder-posts-wrap loops-wrapper grid2 masonry classic tf_rel tf_clear tf_clearfix\" data-lazy=\"1\">\n    <article id=\"post-382\" class=\"post tf_clearfix post-382 type-post status-publish format-standard has-post-thumbnail hentry category-actu has-post-title has-post-date has-post-category has-post-tag has-post-comment has-post-author \">\n\t    \n\t                <figure class=\"post-image tf_clearfix\">\n                                                            <a href=\"https:\/\/fknl.fr\/elearning\/retour-dexperience-comment-fknl-e-learning-a-transforme-ma-pratique-medicale\/\">\n                                        <img style=\"pointer-events: none; user-select: none; -webkit-user-drag: none;\" oncontextmenu=\"return false;\" draggable=\"false\" loading=\"lazy\" decoding=\"async\" src=\"https:\/\/fknl.fr\/elearning\/wp-content\/uploads\/sites\/2\/2023\/10\/iStock-1067864612-560x330.webp\" width=\"560\" height=\"330\" class=\"wp-post-image wp-image-292\" title=\"iStock-1067864612\" alt=\"iStock-1067864612\">                                                                    <\/a>\n                                                                <\/figure>\n                    \t<div class=\"post-content\">\n\t\t<div class=\"post-content-inner\">\n\n\t\t\t\t\t\t\t\t<div class=\"post-date-wrap post-date-inline\">\n\t\t<time class=\"post-date entry-date updated\" datetime=\"2023-10-17\">\n\t\t\t\t\t<span class=\"year\">17 octobre 2023<\/span>\n\t\t\t\t<\/time>\n\t<\/div><!-- .post-date-wrap -->\n\t\t\t\t\n\t\t\t<h2 class=\"post-title entry-title\"><a href=\"https:\/\/fknl.fr\/elearning\/retour-dexperience-comment-fknl-e-learning-a-transforme-ma-pratique-medicale\/\">Retour d&rsquo;Exp\u00e9rience : Comment FKNL E-Learning a Transform\u00e9 Ma Pratique M\u00e9dicale<\/a><\/h2>\n\t\t\t\n\t\t\t\n\t\t\t        <div class=\"entry-content\">\n\n        \n            <p>Dans le monde exigeant et dynamique de la m\u00e9decine, l&rsquo;acquisition continue de nouvelles connaissances et comp\u00e9tences est essentielle. Moi-m\u00eame, en [&hellip;]<\/p>\n\n                \n            \n        <\/div><!-- \/.entry-content -->\n        \n\t\t<\/div>\n\t\t<!-- \/.post-content-inner -->\n\t<\/div>\n\t<!-- \/.post-content -->\n\t\n<\/article>\n<!-- \/.post -->\n<article id=\"post-379\" class=\"post tf_clearfix post-379 type-post status-publish format-standard has-post-thumbnail hentry category-actu has-post-title has-post-date has-post-category has-post-tag has-post-comment has-post-author \">\n\t    \n\t                <figure class=\"post-image tf_clearfix\">\n                                                            <a href=\"https:\/\/fknl.fr\/elearning\/comment-lapprentissage-en-ligne-favorise-une-mise-a-jour-continuelle-des-connaissances-medicales\/\">\n                                        <img style=\"pointer-events: none; user-select: none; -webkit-user-drag: none;\" oncontextmenu=\"return false;\" draggable=\"false\" loading=\"lazy\" decoding=\"async\" src=\"https:\/\/fknl.fr\/elearning\/wp-content\/uploads\/sites\/2\/2023\/10\/iStock-1391811398-560x330.webp\" width=\"560\" height=\"330\" class=\"wp-post-image wp-image-294\" title=\"iStock-1391811398\" alt=\"iStock-1391811398\">                                                                    <\/a>\n                                                                <\/figure>\n                    \t<div class=\"post-content\">\n\t\t<div class=\"post-content-inner\">\n\n\t\t\t\t\t\t\t\t<div class=\"post-date-wrap post-date-inline\">\n\t\t<time class=\"post-date entry-date updated\" datetime=\"2023-10-17\">\n\t\t\t\t\t<span class=\"year\">17 octobre 2023<\/span>\n\t\t\t\t<\/time>\n\t<\/div><!-- .post-date-wrap -->\n\t\t\t\t\n\t\t\t<h2 class=\"post-title entry-title\"><a href=\"https:\/\/fknl.fr\/elearning\/comment-lapprentissage-en-ligne-favorise-une-mise-a-jour-continuelle-des-connaissances-medicales\/\">Comment l&rsquo;Apprentissage en Ligne Favorise une Mise \u00e0 Jour Continuelle des Connaissances M\u00e9dicales<\/a><\/h2>\n\t\t\t\n\t\t\t\n\t\t\t        <div class=\"entry-content\">\n\n        \n            <p>Dans le domaine m\u00e9dical dynamique et en rapide \u00e9volution, rester \u00e0 jour avec les derni\u00e8res tendances, d\u00e9couvertes et innovations est [&hellip;]<\/p>\n\n                \n            \n        <\/div><!-- \/.entry-content -->\n        \n\t\t<\/div>\n\t\t<!-- \/.post-content-inner -->\n\t<\/div>\n\t<!-- \/.post-content -->\n\t\n<\/article>\n<!-- \/.post -->\n<article id=\"post-377\" class=\"post tf_clearfix post-377 type-post status-publish format-standard has-post-thumbnail hentry category-actu has-post-title has-post-date has-post-category has-post-tag has-post-comment has-post-author \">\n\t    \n\t                <figure class=\"post-image tf_clearfix\">\n                                                            <a href=\"https:\/\/fknl.fr\/elearning\/les-technologies-qui-facilitent-lapprentissage-en-ligne-pour-les-professionnels-medicaux\/\">\n                                        <img style=\"pointer-events: none; user-select: none; -webkit-user-drag: none;\" oncontextmenu=\"return false;\" draggable=\"false\" loading=\"lazy\" decoding=\"async\" src=\"https:\/\/fknl.fr\/elearning\/wp-content\/uploads\/sites\/2\/2023\/10\/iStock-1351865425-560x330.jpg\" width=\"560\" height=\"330\" class=\"wp-post-image wp-image-296\" title=\"Physiotherapy for the neck pain\" alt=\"Physiotherapy for the neck pain\">                                                                    <\/a>\n                                                                <\/figure>\n                    \t<div class=\"post-content\">\n\t\t<div class=\"post-content-inner\">\n\n\t\t\t\t\t\t\t\t<div class=\"post-date-wrap post-date-inline\">\n\t\t<time class=\"post-date entry-date updated\" datetime=\"2023-10-17\">\n\t\t\t\t\t<span class=\"year\">17 octobre 2023<\/span>\n\t\t\t\t<\/time>\n\t<\/div><!-- .post-date-wrap -->\n\t\t\t\t\n\t\t\t<h2 class=\"post-title entry-title\"><a href=\"https:\/\/fknl.fr\/elearning\/les-technologies-qui-facilitent-lapprentissage-en-ligne-pour-les-professionnels-medicaux\/\">Les Technologies qui Facilitent l&rsquo;Apprentissage en Ligne pour les Professionnels M\u00e9dicaux<\/a><\/h2>\n\t\t\t\n\t\t\t\n\t\t\t        <div class=\"entry-content\">\n\n        \n            <p>Dans un monde en constante \u00e9volution, les professionnels de la sant\u00e9, y compris les m\u00e9decins, les infirmiers, les kin\u00e9sith\u00e9rapeutes et [&hellip;]<\/p>\n\n                \n            \n        <\/div><!-- \/.entry-content -->\n        \n\t\t<\/div>\n\t\t<!-- \/.post-content-inner -->\n\t<\/div>\n\t<!-- \/.post-content -->\n\t\n<\/article>\n<!-- \/.post -->\n<article id=\"post-374\" class=\"post tf_clearfix post-374 type-post status-publish format-standard has-post-thumbnail hentry category-actu has-post-title has-post-date has-post-category has-post-tag has-post-comment has-post-author \">\n\t    \n\t                <figure class=\"post-image tf_clearfix\">\n                                                            <a href=\"https:\/\/fknl.fr\/elearning\/limpact-de-le-learning-sur-la-formation-continue-des-professionnels-de-la-sante\/\">\n                                        <img style=\"pointer-events: none; user-select: none; -webkit-user-drag: none;\" oncontextmenu=\"return false;\" draggable=\"false\" loading=\"lazy\" decoding=\"async\" src=\"https:\/\/fknl.fr\/elearning\/wp-content\/uploads\/sites\/2\/2023\/10\/iStock-1571550838-560x330.jpg\" width=\"560\" height=\"330\" class=\"wp-post-image wp-image-295\" title=\"Therapist massaging back of patient\" alt=\"Therapist massaging back of patient\">                                                                    <\/a>\n                                                                <\/figure>\n                    \t<div class=\"post-content\">\n\t\t<div class=\"post-content-inner\">\n\n\t\t\t\t\t\t\t\t<div class=\"post-date-wrap post-date-inline\">\n\t\t<time class=\"post-date entry-date updated\" datetime=\"2023-10-17\">\n\t\t\t\t\t<span class=\"year\">17 octobre 2023<\/span>\n\t\t\t\t<\/time>\n\t<\/div><!-- .post-date-wrap -->\n\t\t\t\t\n\t\t\t<h2 class=\"post-title entry-title\"><a href=\"https:\/\/fknl.fr\/elearning\/limpact-de-le-learning-sur-la-formation-continue-des-professionnels-de-la-sante\/\">L&rsquo;Impact de l&rsquo;E-Learning sur la Formation Continue des Professionnels de la Sant\u00e9<\/a><\/h2>\n\t\t\t\n\t\t\t\n\t\t\t        <div class=\"entry-content\">\n\n        \n            <p>La transition vers l&rsquo;e-learning a r\u00e9volutionn\u00e9 la formation continue pour les professionnels de la sant\u00e9. Cela permet une flexibilit\u00e9 in\u00e9gal\u00e9e, [&hellip;]<\/p>\n\n                \n            \n        <\/div><!-- \/.entry-content -->\n        \n\t\t<\/div>\n\t\t<!-- \/.post-content-inner -->\n\t<\/div>\n\t<!-- \/.post-content -->\n\t\n<\/article>\n<!-- \/.post -->\n    <\/div><!-- .builder-posts-wrap -->\n            <\/div>\n<!-- \/module post -->\n            <\/div>\n                        <\/div>\n        <\/div>\n        <\/div>\n<!--\/themify_builder_content-->","protected":false},"excerpt":{"rendered":"<p>Restez inform\u00e9sActualit\u00e9s FKNL eLearning<\/p>\n","protected":false},"author":1,"featured_media":0,"parent":0,"menu_order":0,"comment_status":"closed","ping_status":"closed","template":"","meta":{"_bbp_topic_count":0,"_bbp_reply_count":0,"_bbp_total_topic_count":0,"_bbp_total_reply_count":0,"_bbp_voice_count":0,"_bbp_anonymous_reply_count":0,"_bbp_topic_count_hidden":0,"_bbp_reply_count_hidden":0,"_bbp_forum_subforum_count":0,"footnotes":""},"class_list":["post-192","page","type-page","status-publish","hentry","has-post-title","has-post-date","has-post-category","has-post-tag","has-post-comment","has-post-author",""],"builder_content":"<h1>Restez inform\u00e9s<br\/>Actualit\u00e9s FKNL eLearning<\/h1>","_links":{"self":[{"href":"https:\/\/fknl.fr\/elearning\/wp-json\/wp\/v2\/pages\/192","targetHints":{"allow":["GET"]}}],"collection":[{"href":"https:\/\/fknl.fr\/elearning\/wp-json\/wp\/v2\/pages"}],"about":[{"href":"https:\/\/fknl.fr\/elearning\/wp-json\/wp\/v2\/types\/page"}],"author":[{"embeddable":true,"href":"https:\/\/fknl.fr\/elearning\/wp-json\/wp\/v2\/users\/1"}],"replies":[{"embeddable":true,"href":"https:\/\/fknl.fr\/elearning\/wp-json\/wp\/v2\/comments?post=192"}],"version-history":[{"count":0,"href":"https:\/\/fknl.fr\/elearning\/wp-json\/wp\/v2\/pages\/192\/revisions"}],"wp:attachment":[{"href":"https:\/\/fknl.fr\/elearning\/wp-json\/wp\/v2\/media?parent=192"}],"curies":[{"name":"wp","href":"https:\/\/api.w.org\/{rel}","templated":true}]}}